{"id":85,"date":"2012-01-11T09:57:46","date_gmt":"2012-01-11T09:57:46","guid":{"rendered":"http:\/\/hjmnorge.com\/?page_id=85"},"modified":"2013-12-13T09:13:27","modified_gmt":"2013-12-13T08:13:27","slug":"about-us","status":"publish","type":"page","link":"https:\/\/hjmnorge.com\/en\/about-us\/","title":{"rendered":"About us"},"content":{"rendered":"<p>HJM Norge AS was established in January 2000 and since the inception we have delivered both individual machines and larger lines to Scandinavian food industry.<\/p>\n<p>The focus of our customers has been rationalization and product improvements when our solutions were selected.<\/p>\n<p>We have always represented machine manufacturers who all have in common that they are leaders in their fields.<\/p>\n<p>Our focus will be continuity as well as providing solutions for closely-defined needs and thus emerge as an attractive and active partner for our customers.<\/p>\n<p>An equally important area as already mentioned is the needs of our customers for fast delivery of both spare parts and service. Without exaggeration is our aim that all such deliveries are possible within 24 hours virtually anywhere in Scandinavia!<\/p>\n<p>We look forward to continues good cooperation with our established customers and welcomes new customers to get acquainted with our services.<\/p>\n<p>Warm regards<\/p>\n<p><a href=\"https:\/\/hjmnorge.com\/wp-content\/uploads\/2012\/01\/ola-schjei.jpg\"><img loading=\"lazy\" decoding=\"async\" class=\"alignnone size-full wp-image-17\" title=\"ola-schjei\" src=\"https:\/\/hjmnorge.com\/wp-content\/uploads\/2012\/01\/ola-schjei.jpg\" alt=\"\" width=\"173\" height=\"241\" \/><\/a><\/p>\n<p>Ola Schjei<br \/>Managing Director<br \/><a href=\"mailto:o.schjei@hjmnorge.com\">o.schjei@hjmnorge.com<\/a><br \/>Tlf: +47 97 69 66 69<\/p>\n","protected":false},"excerpt":{"rendered":"<p>HJM Norge AS was established in January 2000 and since the inception we have delivered both individual machines and larger lines to Scandinavian food industry. The focus of our customers has been rationalization and product improvements when our solutions were selected. We have always represented machine manufacturers who all have in common that they are [&hellip;]<\/p>\n","protected":false},"author":2,"featured_media":0,"parent":0,"menu_order":4,"comment_status":"closed","ping_status":"open","template":"","meta":{"_acf_changed":false,"footnotes":""},"class_list":["post-85","page","type-page","status-publish","hentry"],"acf":[],"yoast_head":"<!-- This site is optimized with the Yoast SEO plugin v27.0 - https:\/\/yoast.com\/product\/yoast-seo-wordpress\/ -->\n<title>About us - HJM Norge AS<\/title>\n<meta name=\"robots\" content=\"index, follow, max-snippet:-1, max-image-preview:large, max-video-preview:-1\" \/>\n<link rel=\"canonical\" href=\"https:\/\/hjmnorge.com\/en\/about-us\/\" \/>\n<meta property=\"og:locale\" content=\"en_US\" \/>\n<meta property=\"og:type\" content=\"article\" \/>\n<meta property=\"og:title\" content=\"About us - HJM Norge AS\" \/>\n<meta property=\"og:description\" content=\"HJM Norge AS was established in January 2000 and since the inception we have delivered both individual machines and larger lines to Scandinavian food industry. The focus of our customers has been rationalization and product improvements when our solutions were selected. We have always represented machine manufacturers who all have in common that they are [&hellip;]\" \/>\n<meta property=\"og:url\" content=\"https:\/\/hjmnorge.com\/en\/about-us\/\" \/>\n<meta property=\"og:site_name\" content=\"HJM Norge AS\" \/>\n<meta property=\"article:modified_time\" content=\"2013-12-13T08:13:27+00:00\" \/>\n<meta property=\"og:image\" content=\"https:\/\/hjmnorge.com\/wp-content\/uploads\/2012\/01\/ola-schjei.jpg\" \/>\n<meta name=\"twitter:card\" content=\"summary_large_image\" \/>\n<meta name=\"twitter:label1\" content=\"Est. reading time\" \/>\n\t<meta name=\"twitter:data1\" content=\"1 minute\" \/>\n<script type=\"application\/ld+json\" class=\"yoast-schema-graph\">{\"@context\":\"https:\/\/schema.org\",\"@graph\":[{\"@type\":\"WebPage\",\"@id\":\"https:\/\/hjmnorge.com\/en\/about-us\/\",\"url\":\"https:\/\/hjmnorge.com\/en\/about-us\/\",\"name\":\"About us - HJM Norge AS\",\"isPartOf\":{\"@id\":\"https:\/\/hjmnorge.com\/#website\"},\"primaryImageOfPage\":{\"@id\":\"https:\/\/hjmnorge.com\/en\/about-us\/#primaryimage\"},\"image\":{\"@id\":\"https:\/\/hjmnorge.com\/en\/about-us\/#primaryimage\"},\"thumbnailUrl\":\"https:\/\/hjmnorge.com\/wp-content\/uploads\/2012\/01\/ola-schjei.jpg\",\"datePublished\":\"2012-01-11T09:57:46+00:00\",\"dateModified\":\"2013-12-13T08:13:27+00:00\",\"breadcrumb\":{\"@id\":\"https:\/\/hjmnorge.com\/en\/about-us\/#breadcrumb\"},\"inLanguage\":\"en-US\",\"potentialAction\":[{\"@type\":\"ReadAction\",\"target\":[\"https:\/\/hjmnorge.com\/en\/about-us\/\"]}]},{\"@type\":\"ImageObject\",\"inLanguage\":\"en-US\",\"@id\":\"https:\/\/hjmnorge.com\/en\/about-us\/#primaryimage\",\"url\":\"https:\/\/hjmnorge.com\/wp-content\/uploads\/2012\/01\/ola-schjei.jpg\",\"contentUrl\":\"https:\/\/hjmnorge.com\/wp-content\/uploads\/2012\/01\/ola-schjei.jpg\"},{\"@type\":\"BreadcrumbList\",\"@id\":\"https:\/\/hjmnorge.com\/en\/about-us\/#breadcrumb\",\"itemListElement\":[{\"@type\":\"ListItem\",\"position\":1,\"name\":\"Hjem\",\"item\":\"https:\/\/hjmnorge.com\/\"},{\"@type\":\"ListItem\",\"position\":2,\"name\":\"About us\"}]},{\"@type\":\"WebSite\",\"@id\":\"https:\/\/hjmnorge.com\/#website\",\"url\":\"https:\/\/hjmnorge.com\/\",\"name\":\"HJM Norge AS\",\"description\":\"V\u00e5r m\u00e5lsetting er \u00e5 v\u00e6re en foretrukket leverand\u00f8r av maskiner og tjenester!\",\"potentialAction\":[{\"@type\":\"SearchAction\",\"target\":{\"@type\":\"EntryPoint\",\"urlTemplate\":\"https:\/\/hjmnorge.com\/?s={search_term_string}\"},\"query-input\":{\"@type\":\"PropertyValueSpecification\",\"valueRequired\":true,\"valueName\":\"search_term_string\"}}],\"inLanguage\":\"en-US\"}]}<\/script>\n<!-- \/ Yoast SEO plugin. -->","yoast_head_json":{"title":"About us - HJM Norge AS","robots":{"index":"index","follow":"follow","max-snippet":"max-snippet:-1","max-image-preview":"max-image-preview:large","max-video-preview":"max-video-preview:-1"},"canonical":"https:\/\/hjmnorge.com\/en\/about-us\/","og_locale":"en_US","og_type":"article","og_title":"About us - HJM Norge AS","og_description":"HJM Norge AS was established in January 2000 and since the inception we have delivered both individual machines and larger lines to Scandinavian food industry. The focus of our customers has been rationalization and product improvements when our solutions were selected. We have always represented machine manufacturers who all have in common that they are [&hellip;]","og_url":"https:\/\/hjmnorge.com\/en\/about-us\/","og_site_name":"HJM Norge AS","article_modified_time":"2013-12-13T08:13:27+00:00","og_image":[{"url":"https:\/\/hjmnorge.com\/wp-content\/uploads\/2012\/01\/ola-schjei.jpg","type":"","width":"","height":""}],"twitter_card":"summary_large_image","twitter_misc":{"Est. reading time":"1 minute"},"schema":{"@context":"https:\/\/schema.org","@graph":[{"@type":"WebPage","@id":"https:\/\/hjmnorge.com\/en\/about-us\/","url":"https:\/\/hjmnorge.com\/en\/about-us\/","name":"About us - HJM Norge AS","isPartOf":{"@id":"https:\/\/hjmnorge.com\/#website"},"primaryImageOfPage":{"@id":"https:\/\/hjmnorge.com\/en\/about-us\/#primaryimage"},"image":{"@id":"https:\/\/hjmnorge.com\/en\/about-us\/#primaryimage"},"thumbnailUrl":"https:\/\/hjmnorge.com\/wp-content\/uploads\/2012\/01\/ola-schjei.jpg","datePublished":"2012-01-11T09:57:46+00:00","dateModified":"2013-12-13T08:13:27+00:00","breadcrumb":{"@id":"https:\/\/hjmnorge.com\/en\/about-us\/#breadcrumb"},"inLanguage":"en-US","potentialAction":[{"@type":"ReadAction","target":["https:\/\/hjmnorge.com\/en\/about-us\/"]}]},{"@type":"ImageObject","inLanguage":"en-US","@id":"https:\/\/hjmnorge.com\/en\/about-us\/#primaryimage","url":"https:\/\/hjmnorge.com\/wp-content\/uploads\/2012\/01\/ola-schjei.jpg","contentUrl":"https:\/\/hjmnorge.com\/wp-content\/uploads\/2012\/01\/ola-schjei.jpg"},{"@type":"BreadcrumbList","@id":"https:\/\/hjmnorge.com\/en\/about-us\/#breadcrumb","itemListElement":[{"@type":"ListItem","position":1,"name":"Hjem","item":"https:\/\/hjmnorge.com\/"},{"@type":"ListItem","position":2,"name":"About us"}]},{"@type":"WebSite","@id":"https:\/\/hjmnorge.com\/#website","url":"https:\/\/hjmnorge.com\/","name":"HJM Norge AS","description":"V\u00e5r m\u00e5lsetting er \u00e5 v\u00e6re en foretrukket leverand\u00f8r av maskiner og tjenester!","potentialAction":[{"@type":"SearchAction","target":{"@type":"EntryPoint","urlTemplate":"https:\/\/hjmnorge.com\/?s={search_term_string}"},"query-input":{"@type":"PropertyValueSpecification","valueRequired":true,"valueName":"search_term_string"}}],"inLanguage":"en-US"}]}},"_links":{"self":[{"href":"https:\/\/hjmnorge.com\/en\/wp-json\/wp\/v2\/pages\/85","targetHints":{"allow":["GET"]}}],"collection":[{"href":"https:\/\/hjmnorge.com\/en\/wp-json\/wp\/v2\/pages"}],"about":[{"href":"https:\/\/hjmnorge.com\/en\/wp-json\/wp\/v2\/types\/page"}],"author":[{"embeddable":true,"href":"https:\/\/hjmnorge.com\/en\/wp-json\/wp\/v2\/users\/2"}],"replies":[{"embeddable":true,"href":"https:\/\/hjmnorge.com\/en\/wp-json\/wp\/v2\/comments?post=85"}],"version-history":[{"count":0,"href":"https:\/\/hjmnorge.com\/en\/wp-json\/wp\/v2\/pages\/85\/revisions"}],"wp:attachment":[{"href":"https:\/\/hjmnorge.com\/en\/wp-json\/wp\/v2\/media?parent=85"}],"curies":[{"name":"wp","href":"https:\/\/api.w.org\/{rel}","templated":true}]}}