{"id":82,"date":"2012-01-11T09:52:31","date_gmt":"2012-01-11T09:52:31","guid":{"rendered":"http:\/\/hjmnorge.com\/?page_id=82"},"modified":"2014-05-12T11:55:18","modified_gmt":"2014-05-12T09:55:18","slug":"home","status":"publish","type":"page","link":"https:\/\/hjmnorge.com\/en\/home\/","title":{"rendered":"WELCOME TO HJM NORGE AS"},"content":{"rendered":"<p>HJM Norge AS was established 2\/1\/2000 and we have since the inception provided both individual machines and larger lines to the food industry in Scandinavia.<\/p>\n<p>The focus of our customers has been rationalization and product improvements when our solutions were selected.<\/p>\n<p><span style=\"line-height: 1.5em;\">NEWS: We are now partner with one of the worlds leading manufacturers of separating machines. Further details under <a title=\"Our partners\" href=\"https:\/\/hjmnorge.com\/en\/our-partners\/\">Our partners<\/a>.<\/span><\/p>\n","protected":false},"excerpt":{"rendered":"<p>HJM Norge AS was established 2\/1\/2000 and we have since the inception provided both individual machines and larger lines to the food industry in Scandinavia. The focus of our customers has been rationalization and product improvements when our solutions were selected. NEWS: We are now partner with one of the worlds leading manufacturers of separating [&hellip;]<\/p>\n","protected":false},"author":2,"featured_media":0,"parent":0,"menu_order":2,"comment_status":"closed","ping_status":"open","template":"","meta":{"_acf_changed":false,"footnotes":""},"class_list":["post-82","page","type-page","status-publish","hentry"],"acf":[],"yoast_head":"<!-- This site is optimized with the Yoast SEO plugin v27.0 - https:\/\/yoast.com\/product\/yoast-seo-wordpress\/ -->\n<title>WELCOME TO HJM NORGE AS - HJM Norge AS<\/title>\n<meta name=\"robots\" content=\"index, follow, max-snippet:-1, max-image-preview:large, max-video-preview:-1\" \/>\n<link rel=\"canonical\" href=\"https:\/\/hjmnorge.com\/en\/home\/\" \/>\n<meta property=\"og:locale\" content=\"en_US\" \/>\n<meta property=\"og:type\" content=\"article\" \/>\n<meta property=\"og:title\" content=\"WELCOME TO HJM NORGE AS - HJM Norge AS\" \/>\n<meta property=\"og:description\" content=\"HJM Norge AS was established 2\/1\/2000 and we have since the inception provided both individual machines and larger lines to the food industry in Scandinavia. The focus of our customers has been rationalization and product improvements when our solutions were selected. NEWS: We are now partner with one of the worlds leading manufacturers of separating [&hellip;]\" \/>\n<meta property=\"og:url\" content=\"https:\/\/hjmnorge.com\/en\/home\/\" \/>\n<meta property=\"og:site_name\" content=\"HJM Norge AS\" \/>\n<meta property=\"article:modified_time\" content=\"2014-05-12T09:55:18+00:00\" \/>\n<meta name=\"twitter:card\" content=\"summary_large_image\" \/>\n<script type=\"application\/ld+json\" class=\"yoast-schema-graph\">{\"@context\":\"https:\/\/schema.org\",\"@graph\":[{\"@type\":\"WebPage\",\"@id\":\"https:\/\/hjmnorge.com\/en\/home\/\",\"url\":\"https:\/\/hjmnorge.com\/en\/home\/\",\"name\":\"WELCOME TO HJM NORGE AS - HJM Norge AS\",\"isPartOf\":{\"@id\":\"https:\/\/hjmnorge.com\/#website\"},\"datePublished\":\"2012-01-11T09:52:31+00:00\",\"dateModified\":\"2014-05-12T09:55:18+00:00\",\"breadcrumb\":{\"@id\":\"https:\/\/hjmnorge.com\/en\/home\/#breadcrumb\"},\"inLanguage\":\"en-US\",\"potentialAction\":[{\"@type\":\"ReadAction\",\"target\":[\"https:\/\/hjmnorge.com\/en\/home\/\"]}]},{\"@type\":\"BreadcrumbList\",\"@id\":\"https:\/\/hjmnorge.com\/en\/home\/#breadcrumb\",\"itemListElement\":[{\"@type\":\"ListItem\",\"position\":1,\"name\":\"Hjem\",\"item\":\"https:\/\/hjmnorge.com\/\"},{\"@type\":\"ListItem\",\"position\":2,\"name\":\"WELCOME TO HJM NORGE AS\"}]},{\"@type\":\"WebSite\",\"@id\":\"https:\/\/hjmnorge.com\/#website\",\"url\":\"https:\/\/hjmnorge.com\/\",\"name\":\"HJM Norge AS\",\"description\":\"V\u00e5r m\u00e5lsetting er \u00e5 v\u00e6re en foretrukket leverand\u00f8r av maskiner og tjenester!\",\"potentialAction\":[{\"@type\":\"SearchAction\",\"target\":{\"@type\":\"EntryPoint\",\"urlTemplate\":\"https:\/\/hjmnorge.com\/?s={search_term_string}\"},\"query-input\":{\"@type\":\"PropertyValueSpecification\",\"valueRequired\":true,\"valueName\":\"search_term_string\"}}],\"inLanguage\":\"en-US\"}]}<\/script>\n<!-- \/ Yoast SEO plugin. -->","yoast_head_json":{"title":"WELCOME TO HJM NORGE AS - HJM Norge AS","robots":{"index":"index","follow":"follow","max-snippet":"max-snippet:-1","max-image-preview":"max-image-preview:large","max-video-preview":"max-video-preview:-1"},"canonical":"https:\/\/hjmnorge.com\/en\/home\/","og_locale":"en_US","og_type":"article","og_title":"WELCOME TO HJM NORGE AS - HJM Norge AS","og_description":"HJM Norge AS was established 2\/1\/2000 and we have since the inception provided both individual machines and larger lines to the food industry in Scandinavia. The focus of our customers has been rationalization and product improvements when our solutions were selected. NEWS: We are now partner with one of the worlds leading manufacturers of separating [&hellip;]","og_url":"https:\/\/hjmnorge.com\/en\/home\/","og_site_name":"HJM Norge AS","article_modified_time":"2014-05-12T09:55:18+00:00","twitter_card":"summary_large_image","schema":{"@context":"https:\/\/schema.org","@graph":[{"@type":"WebPage","@id":"https:\/\/hjmnorge.com\/en\/home\/","url":"https:\/\/hjmnorge.com\/en\/home\/","name":"WELCOME TO HJM NORGE AS - HJM Norge AS","isPartOf":{"@id":"https:\/\/hjmnorge.com\/#website"},"datePublished":"2012-01-11T09:52:31+00:00","dateModified":"2014-05-12T09:55:18+00:00","breadcrumb":{"@id":"https:\/\/hjmnorge.com\/en\/home\/#breadcrumb"},"inLanguage":"en-US","potentialAction":[{"@type":"ReadAction","target":["https:\/\/hjmnorge.com\/en\/home\/"]}]},{"@type":"BreadcrumbList","@id":"https:\/\/hjmnorge.com\/en\/home\/#breadcrumb","itemListElement":[{"@type":"ListItem","position":1,"name":"Hjem","item":"https:\/\/hjmnorge.com\/"},{"@type":"ListItem","position":2,"name":"WELCOME TO HJM NORGE AS"}]},{"@type":"WebSite","@id":"https:\/\/hjmnorge.com\/#website","url":"https:\/\/hjmnorge.com\/","name":"HJM Norge AS","description":"V\u00e5r m\u00e5lsetting er \u00e5 v\u00e6re en foretrukket leverand\u00f8r av maskiner og tjenester!","potentialAction":[{"@type":"SearchAction","target":{"@type":"EntryPoint","urlTemplate":"https:\/\/hjmnorge.com\/?s={search_term_string}"},"query-input":{"@type":"PropertyValueSpecification","valueRequired":true,"valueName":"search_term_string"}}],"inLanguage":"en-US"}]}},"_links":{"self":[{"href":"https:\/\/hjmnorge.com\/en\/wp-json\/wp\/v2\/pages\/82","targetHints":{"allow":["GET"]}}],"collection":[{"href":"https:\/\/hjmnorge.com\/en\/wp-json\/wp\/v2\/pages"}],"about":[{"href":"https:\/\/hjmnorge.com\/en\/wp-json\/wp\/v2\/types\/page"}],"author":[{"embeddable":true,"href":"https:\/\/hjmnorge.com\/en\/wp-json\/wp\/v2\/users\/2"}],"replies":[{"embeddable":true,"href":"https:\/\/hjmnorge.com\/en\/wp-json\/wp\/v2\/comments?post=82"}],"version-history":[{"count":0,"href":"https:\/\/hjmnorge.com\/en\/wp-json\/wp\/v2\/pages\/82\/revisions"}],"wp:attachment":[{"href":"https:\/\/hjmnorge.com\/en\/wp-json\/wp\/v2\/media?parent=82"}],"curies":[{"name":"wp","href":"https:\/\/api.w.org\/{rel}","templated":true}]}}