{"id":133,"date":"2012-01-11T10:26:32","date_gmt":"2012-01-11T10:26:32","guid":{"rendered":"http:\/\/hjmnorge.com\/?page_id=133"},"modified":"2014-09-25T11:00:11","modified_gmt":"2014-09-25T09:00:11","slug":"pictures","status":"publish","type":"page","link":"https:\/\/hjmnorge.com\/en\/pictures\/","title":{"rendered":"Pictures"},"content":{"rendered":"<dl id=\"attachment_44\" class=\"wp-caption alignnone\" style=\"width: 510px;\">\n<dt class=\"wp-caption-dt\"><\/dt>\n<dd class=\"wp-caption-dd\">Some examples of our installed solutions:<\/dd>\n<\/dl>\n<p>\u00a0<img decoding=\"async\" src=\"https:\/\/hjmnorge.com\/wp-content\/uploads\/2014\/05\/Komplett-stekelinje.jpg\" alt=\"\" \/><\/p>\n<p>This line consist of Doubler for a forming machine, a Doublesided contact cooker and a Steam-\/hotair oven.<\/p>\n<p>Another solution we delivered in 2013 is shown here, a 150 kW microwave oven from AmTek.<\/p>\n<p><img decoding=\"async\" src=\"https:\/\/hjmnorge.com\/wp-content\/uploads\/2014\/05\/IMAG0316.jpg\" alt=\"\" \/><\/p>\n<p><a href=\"https:\/\/hjmnorge.com\/wp-content\/uploads\/2012\/01\/WOK-Matborsen.jpg\">\u00a0<\/a><\/p>\n<p>&nbsp;<\/p>\n<hr \/>\n<dl id=\"attachment_45\" class=\"wp-caption alignnone\" style=\"width: 510px;\">\n<dt class=\"wp-caption-dt\"><\/dt>\n<dd class=\"wp-caption-dd\">VAS 300<\/dd>\n<\/dl>\n<p><img decoding=\"async\" src=\"https:\/\/hjmnorge.com\/wp-content\/uploads\/2012\/01\/DSC_0127a.jpg\" alt=\"\" \/><\/p>\n<p>The VAS 300 can start with plain raw materials and make a fine emulsion in only\u00a04-5 minutes.<\/p>\n<hr \/>\n<div id=\"attachment_46\" style=\"width: 510px\" class=\"wp-caption alignnone\"><a href=\"https:\/\/hjmnorge.com\/wp-content\/uploads\/2012\/01\/VSM300_Tiefbau.jpg\"><img loading=\"lazy\" decoding=\"async\" aria-describedby=\"caption-attachment-46\" class=\"size-full wp-image-46\" title=\"VSM300_Tiefbau\" src=\"https:\/\/hjmnorge.com\/wp-content\/uploads\/2012\/01\/VSM300_Tiefbau.jpg\" alt=\"VSM 300\" width=\"500\" height=\"524\" \/><\/a><p id=\"caption-attachment-46\" class=\"wp-caption-text\">VSM 300<\/p><\/div>\n<p>A VSM 300 can mix salads, treat meat, massage fish and a make wide range of other products. These machines can be tailormade like the machine types VAS and AGM with a wide range of additional features such as direct steam nozzles, load cells, automatic dosing of water, milk, oil etc.<\/p>\n<p>Moreover, the machines can be equipped with vacuum pumps, double walls for cooling and \/ or heating and a lift for the use of Eurobins. Whatever your preference, most functions can be integrated in these solutions.<\/p>\n<hr \/>\n<dl id=\"attachment_47\" class=\"wp-caption alignnone\" style=\"width: 510px;\">\n<dt class=\"wp-caption-dt\"><\/dt>\n<dd class=\"wp-caption-dd\">Double sided contact cooker<\/dd>\n<\/dl>\n<p><img decoding=\"async\" src=\"https:\/\/hjmnorge.com\/wp-content\/uploads\/2014\/05\/grilstad-032.jpg\" alt=\"\" \/><\/p>\n<p>This contact cooker, was delivered in 2011 and the customer is very happy with the machines.<\/p>\n<hr \/>\n<div id=\"attachment_48\" style=\"width: 510px\" class=\"wp-caption alignnone\"><a href=\"https:\/\/hjmnorge.com\/wp-content\/uploads\/2012\/01\/Multicooker4.jpg\"><img loading=\"lazy\" decoding=\"async\" aria-describedby=\"caption-attachment-48\" class=\"size-full wp-image-48\" title=\"Multicooker4\" src=\"https:\/\/hjmnorge.com\/wp-content\/uploads\/2012\/01\/Multicooker4.jpg\" alt=\"Multicooker\" width=\"500\" height=\"375\" \/><\/a><p id=\"caption-attachment-48\" class=\"wp-caption-text\">Multicooker<\/p><\/div>\n<p>&nbsp;<\/p>\n<div id=\"attachment_49\" style=\"width: 510px\" class=\"wp-caption alignnone\"><a href=\"https:\/\/hjmnorge.com\/wp-content\/uploads\/2012\/01\/Multicooker5.jpg\"><img loading=\"lazy\" decoding=\"async\" aria-describedby=\"caption-attachment-49\" class=\"size-full wp-image-49\" title=\"Multicooker5\" src=\"https:\/\/hjmnorge.com\/wp-content\/uploads\/2012\/01\/Multicooker5.jpg\" alt=\"Multicooker\" width=\"500\" height=\"375\" \/><\/a><p id=\"caption-attachment-49\" class=\"wp-caption-text\">Multicooker<\/p><\/div>\n<p>&nbsp;<\/p>\n<div id=\"attachment_50\" style=\"width: 510px\" class=\"wp-caption alignnone\"><a href=\"https:\/\/hjmnorge.com\/wp-content\/uploads\/2012\/01\/Multicooker3.jpg\"><img loading=\"lazy\" decoding=\"async\" aria-describedby=\"caption-attachment-50\" class=\"size-full wp-image-50\" title=\"Multicooker3\" src=\"https:\/\/hjmnorge.com\/wp-content\/uploads\/2012\/01\/Multicooker3.jpg\" alt=\"Multicooker\" width=\"500\" height=\"373\" \/><\/a><p id=\"caption-attachment-50\" class=\"wp-caption-text\">Multicooker<\/p><\/div>\n<p>These three pictures show one of our latest tunnel ovens, the Multicooker from FPT!<\/p>\n<p>&nbsp;<\/p>\n","protected":false},"excerpt":{"rendered":"<p>Some examples of our installed solutions: \u00a0 This line consist of Doubler for a forming machine, a Doublesided contact cooker and a Steam-\/hotair oven. Another solution we delivered in 2013 is shown here, a 150 kW microwave oven from AmTek. \u00a0 &nbsp; VAS 300 The VAS 300 can start with plain raw materials and make [&hellip;]<\/p>\n","protected":false},"author":2,"featured_media":0,"parent":0,"menu_order":15,"comment_status":"closed","ping_status":"closed","template":"","meta":{"_acf_changed":false,"footnotes":""},"class_list":["post-133","page","type-page","status-publish","hentry"],"acf":[],"yoast_head":"<!-- This site is optimized with the Yoast SEO plugin v27.0 - https:\/\/yoast.com\/product\/yoast-seo-wordpress\/ -->\n<title>Pictures - HJM Norge AS<\/title>\n<meta name=\"robots\" content=\"index, follow, max-snippet:-1, max-image-preview:large, max-video-preview:-1\" \/>\n<link rel=\"canonical\" href=\"https:\/\/hjmnorge.com\/en\/pictures\/\" \/>\n<meta property=\"og:locale\" content=\"en_US\" \/>\n<meta property=\"og:type\" content=\"article\" \/>\n<meta property=\"og:title\" content=\"Pictures - HJM Norge AS\" \/>\n<meta property=\"og:description\" content=\"Some examples of our installed solutions: \u00a0 This line consist of Doubler for a forming machine, a Doublesided contact cooker and a Steam-\/hotair oven. Another solution we delivered in 2013 is shown here, a 150 kW microwave oven from AmTek. \u00a0 &nbsp; VAS 300 The VAS 300 can start with plain raw materials and make [&hellip;]\" \/>\n<meta property=\"og:url\" content=\"https:\/\/hjmnorge.com\/en\/pictures\/\" \/>\n<meta property=\"og:site_name\" content=\"HJM Norge AS\" \/>\n<meta property=\"article:modified_time\" content=\"2014-09-25T09:00:11+00:00\" \/>\n<meta property=\"og:image\" content=\"https:\/\/hjmnorge.com\/wp-content\/uploads\/2014\/05\/Komplett-stekelinje.jpg\" \/>\n<meta name=\"twitter:card\" content=\"summary_large_image\" \/>\n<meta name=\"twitter:label1\" content=\"Est. reading time\" \/>\n\t<meta name=\"twitter:data1\" content=\"1 minute\" \/>\n<script type=\"application\/ld+json\" class=\"yoast-schema-graph\">{\"@context\":\"https:\/\/schema.org\",\"@graph\":[{\"@type\":\"WebPage\",\"@id\":\"https:\/\/hjmnorge.com\/en\/pictures\/\",\"url\":\"https:\/\/hjmnorge.com\/en\/pictures\/\",\"name\":\"Pictures - HJM Norge AS\",\"isPartOf\":{\"@id\":\"https:\/\/hjmnorge.com\/#website\"},\"primaryImageOfPage\":{\"@id\":\"https:\/\/hjmnorge.com\/en\/pictures\/#primaryimage\"},\"image\":{\"@id\":\"https:\/\/hjmnorge.com\/en\/pictures\/#primaryimage\"},\"thumbnailUrl\":\"https:\/\/hjmnorge.com\/wp-content\/uploads\/2014\/05\/Komplett-stekelinje.jpg\",\"datePublished\":\"2012-01-11T10:26:32+00:00\",\"dateModified\":\"2014-09-25T09:00:11+00:00\",\"breadcrumb\":{\"@id\":\"https:\/\/hjmnorge.com\/en\/pictures\/#breadcrumb\"},\"inLanguage\":\"en-US\",\"potentialAction\":[{\"@type\":\"ReadAction\",\"target\":[\"https:\/\/hjmnorge.com\/en\/pictures\/\"]}]},{\"@type\":\"ImageObject\",\"inLanguage\":\"en-US\",\"@id\":\"https:\/\/hjmnorge.com\/en\/pictures\/#primaryimage\",\"url\":\"https:\/\/hjmnorge.com\/wp-content\/uploads\/2014\/05\/Komplett-stekelinje.jpg\",\"contentUrl\":\"https:\/\/hjmnorge.com\/wp-content\/uploads\/2014\/05\/Komplett-stekelinje.jpg\"},{\"@type\":\"BreadcrumbList\",\"@id\":\"https:\/\/hjmnorge.com\/en\/pictures\/#breadcrumb\",\"itemListElement\":[{\"@type\":\"ListItem\",\"position\":1,\"name\":\"Hjem\",\"item\":\"https:\/\/hjmnorge.com\/\"},{\"@type\":\"ListItem\",\"position\":2,\"name\":\"Pictures\"}]},{\"@type\":\"WebSite\",\"@id\":\"https:\/\/hjmnorge.com\/#website\",\"url\":\"https:\/\/hjmnorge.com\/\",\"name\":\"HJM Norge AS\",\"description\":\"V\u00e5r m\u00e5lsetting er \u00e5 v\u00e6re en foretrukket leverand\u00f8r av maskiner og tjenester!\",\"potentialAction\":[{\"@type\":\"SearchAction\",\"target\":{\"@type\":\"EntryPoint\",\"urlTemplate\":\"https:\/\/hjmnorge.com\/?s={search_term_string}\"},\"query-input\":{\"@type\":\"PropertyValueSpecification\",\"valueRequired\":true,\"valueName\":\"search_term_string\"}}],\"inLanguage\":\"en-US\"}]}<\/script>\n<!-- \/ Yoast SEO plugin. -->","yoast_head_json":{"title":"Pictures - HJM Norge AS","robots":{"index":"index","follow":"follow","max-snippet":"max-snippet:-1","max-image-preview":"max-image-preview:large","max-video-preview":"max-video-preview:-1"},"canonical":"https:\/\/hjmnorge.com\/en\/pictures\/","og_locale":"en_US","og_type":"article","og_title":"Pictures - HJM Norge AS","og_description":"Some examples of our installed solutions: \u00a0 This line consist of Doubler for a forming machine, a Doublesided contact cooker and a Steam-\/hotair oven. Another solution we delivered in 2013 is shown here, a 150 kW microwave oven from AmTek. \u00a0 &nbsp; VAS 300 The VAS 300 can start with plain raw materials and make [&hellip;]","og_url":"https:\/\/hjmnorge.com\/en\/pictures\/","og_site_name":"HJM Norge AS","article_modified_time":"2014-09-25T09:00:11+00:00","og_image":[{"url":"https:\/\/hjmnorge.com\/wp-content\/uploads\/2014\/05\/Komplett-stekelinje.jpg","type":"","width":"","height":""}],"twitter_card":"summary_large_image","twitter_misc":{"Est. reading time":"1 minute"},"schema":{"@context":"https:\/\/schema.org","@graph":[{"@type":"WebPage","@id":"https:\/\/hjmnorge.com\/en\/pictures\/","url":"https:\/\/hjmnorge.com\/en\/pictures\/","name":"Pictures - HJM Norge AS","isPartOf":{"@id":"https:\/\/hjmnorge.com\/#website"},"primaryImageOfPage":{"@id":"https:\/\/hjmnorge.com\/en\/pictures\/#primaryimage"},"image":{"@id":"https:\/\/hjmnorge.com\/en\/pictures\/#primaryimage"},"thumbnailUrl":"https:\/\/hjmnorge.com\/wp-content\/uploads\/2014\/05\/Komplett-stekelinje.jpg","datePublished":"2012-01-11T10:26:32+00:00","dateModified":"2014-09-25T09:00:11+00:00","breadcrumb":{"@id":"https:\/\/hjmnorge.com\/en\/pictures\/#breadcrumb"},"inLanguage":"en-US","potentialAction":[{"@type":"ReadAction","target":["https:\/\/hjmnorge.com\/en\/pictures\/"]}]},{"@type":"ImageObject","inLanguage":"en-US","@id":"https:\/\/hjmnorge.com\/en\/pictures\/#primaryimage","url":"https:\/\/hjmnorge.com\/wp-content\/uploads\/2014\/05\/Komplett-stekelinje.jpg","contentUrl":"https:\/\/hjmnorge.com\/wp-content\/uploads\/2014\/05\/Komplett-stekelinje.jpg"},{"@type":"BreadcrumbList","@id":"https:\/\/hjmnorge.com\/en\/pictures\/#breadcrumb","itemListElement":[{"@type":"ListItem","position":1,"name":"Hjem","item":"https:\/\/hjmnorge.com\/"},{"@type":"ListItem","position":2,"name":"Pictures"}]},{"@type":"WebSite","@id":"https:\/\/hjmnorge.com\/#website","url":"https:\/\/hjmnorge.com\/","name":"HJM Norge AS","description":"V\u00e5r m\u00e5lsetting er \u00e5 v\u00e6re en foretrukket leverand\u00f8r av maskiner og tjenester!","potentialAction":[{"@type":"SearchAction","target":{"@type":"EntryPoint","urlTemplate":"https:\/\/hjmnorge.com\/?s={search_term_string}"},"query-input":{"@type":"PropertyValueSpecification","valueRequired":true,"valueName":"search_term_string"}}],"inLanguage":"en-US"}]}},"_links":{"self":[{"href":"https:\/\/hjmnorge.com\/en\/wp-json\/wp\/v2\/pages\/133","targetHints":{"allow":["GET"]}}],"collection":[{"href":"https:\/\/hjmnorge.com\/en\/wp-json\/wp\/v2\/pages"}],"about":[{"href":"https:\/\/hjmnorge.com\/en\/wp-json\/wp\/v2\/types\/page"}],"author":[{"embeddable":true,"href":"https:\/\/hjmnorge.com\/en\/wp-json\/wp\/v2\/users\/2"}],"replies":[{"embeddable":true,"href":"https:\/\/hjmnorge.com\/en\/wp-json\/wp\/v2\/comments?post=133"}],"version-history":[{"count":0,"href":"https:\/\/hjmnorge.com\/en\/wp-json\/wp\/v2\/pages\/133\/revisions"}],"wp:attachment":[{"href":"https:\/\/hjmnorge.com\/en\/wp-json\/wp\/v2\/media?parent=133"}],"curies":[{"name":"wp","href":"https:\/\/api.w.org\/{rel}","templated":true}]}}