{"id":114,"date":"2012-01-11T10:19:59","date_gmt":"2012-01-11T09:19:59","guid":{"rendered":"http:\/\/hjmnorge.com\/?page_id=114"},"modified":"2014-05-12T11:55:19","modified_gmt":"2014-05-12T09:55:19","slug":"other","status":"publish","type":"page","link":"https:\/\/hjmnorge.com\/en\/other\/","title":{"rendered":"Other"},"content":{"rendered":"<p>Some machine factories we recommend extra attention:<\/p>\n<p><a href=\"http:\/\/www.jp-maschinenbau.de\/\" target=\"_blank\"><img loading=\"lazy\" decoding=\"async\" title=\"logo\" alt=\"\" src=\"https:\/\/hjmnorge.com\/wp-content\/uploads\/2012\/01\/logo.jpg\" width=\"262\" height=\"100\" \/><\/a><\/p>\n<p>J + P in Dresden create highly effective solutions for automatic kartoning \/ loading, etc.<\/p>\n<hr \/>\n<p><a href=\"http:\/\/www.nienstedt.de\/\" target=\"_blank\"><img loading=\"lazy\" decoding=\"async\" title=\"logo\" alt=\"\" src=\"https:\/\/hjmnorge.com\/wp-content\/uploads\/2012\/01\/logo.gif\" width=\"276\" height=\"42\" \/><\/a><\/p>\n<p>Nienstedt is the world leader for the production of sawing systems and shapers.<\/p>\n<p>&nbsp;<\/p>\n<hr \/>\n<p><a href=\"http:\/\/www.selo.nl\/\" target=\"_blank\"><img loading=\"lazy\" decoding=\"async\" title=\"selo logo\" alt=\"\" src=\"https:\/\/hjmnorge.com\/wp-content\/uploads\/2012\/01\/selo-logo.jpg\" width=\"237\" height=\"205\" \/><\/a><\/p>\n<p>SELO is an outstanding supplier of filling, dosing and packaging technology. Recent growth in their program is microwave technology from American AMTek.<\/p>\n","protected":false},"excerpt":{"rendered":"<p>Some machine factories we recommend extra attention: J + P in Dresden create highly effective solutions for automatic kartoning \/ loading, etc. Nienstedt is the world leader for the production of sawing systems and shapers. &nbsp; SELO is an outstanding supplier of filling, dosing and packaging technology. Recent growth in their program is microwave technology [&hellip;]<\/p>\n","protected":false},"author":2,"featured_media":0,"parent":0,"menu_order":13,"comment_status":"closed","ping_status":"closed","template":"","meta":{"_acf_changed":false,"footnotes":""},"class_list":["post-114","page","type-page","status-publish","hentry"],"acf":[],"yoast_head":"<!-- This site is optimized with the Yoast SEO plugin v27.0 - https:\/\/yoast.com\/product\/yoast-seo-wordpress\/ -->\n<title>Other - HJM Norge AS<\/title>\n<meta name=\"robots\" content=\"index, follow, max-snippet:-1, max-image-preview:large, max-video-preview:-1\" \/>\n<link rel=\"canonical\" href=\"https:\/\/hjmnorge.com\/en\/other\/\" \/>\n<meta property=\"og:locale\" content=\"en_US\" \/>\n<meta property=\"og:type\" content=\"article\" \/>\n<meta property=\"og:title\" content=\"Other - HJM Norge AS\" \/>\n<meta property=\"og:description\" content=\"Some machine factories we recommend extra attention: J + P in Dresden create highly effective solutions for automatic kartoning \/ loading, etc. Nienstedt is the world leader for the production of sawing systems and shapers. &nbsp; SELO is an outstanding supplier of filling, dosing and packaging technology. Recent growth in their program is microwave technology [&hellip;]\" \/>\n<meta property=\"og:url\" content=\"https:\/\/hjmnorge.com\/en\/other\/\" \/>\n<meta property=\"og:site_name\" content=\"HJM Norge AS\" \/>\n<meta property=\"article:modified_time\" content=\"2014-05-12T09:55:19+00:00\" \/>\n<meta property=\"og:image\" content=\"https:\/\/hjmnorge.com\/wp-content\/uploads\/2012\/01\/logo.jpg\" \/>\n<meta name=\"twitter:card\" content=\"summary_large_image\" \/>\n<script type=\"application\/ld+json\" class=\"yoast-schema-graph\">{\"@context\":\"https:\/\/schema.org\",\"@graph\":[{\"@type\":\"WebPage\",\"@id\":\"https:\/\/hjmnorge.com\/en\/other\/\",\"url\":\"https:\/\/hjmnorge.com\/en\/other\/\",\"name\":\"Other - HJM Norge AS\",\"isPartOf\":{\"@id\":\"https:\/\/hjmnorge.com\/#website\"},\"primaryImageOfPage\":{\"@id\":\"https:\/\/hjmnorge.com\/en\/other\/#primaryimage\"},\"image\":{\"@id\":\"https:\/\/hjmnorge.com\/en\/other\/#primaryimage\"},\"thumbnailUrl\":\"https:\/\/hjmnorge.com\/wp-content\/uploads\/2012\/01\/logo.jpg\",\"datePublished\":\"2012-01-11T09:19:59+00:00\",\"dateModified\":\"2014-05-12T09:55:19+00:00\",\"breadcrumb\":{\"@id\":\"https:\/\/hjmnorge.com\/en\/other\/#breadcrumb\"},\"inLanguage\":\"en-US\",\"potentialAction\":[{\"@type\":\"ReadAction\",\"target\":[\"https:\/\/hjmnorge.com\/en\/other\/\"]}]},{\"@type\":\"ImageObject\",\"inLanguage\":\"en-US\",\"@id\":\"https:\/\/hjmnorge.com\/en\/other\/#primaryimage\",\"url\":\"https:\/\/hjmnorge.com\/wp-content\/uploads\/2012\/01\/logo.jpg\",\"contentUrl\":\"https:\/\/hjmnorge.com\/wp-content\/uploads\/2012\/01\/logo.jpg\"},{\"@type\":\"BreadcrumbList\",\"@id\":\"https:\/\/hjmnorge.com\/en\/other\/#breadcrumb\",\"itemListElement\":[{\"@type\":\"ListItem\",\"position\":1,\"name\":\"Hjem\",\"item\":\"https:\/\/hjmnorge.com\/\"},{\"@type\":\"ListItem\",\"position\":2,\"name\":\"Other\"}]},{\"@type\":\"WebSite\",\"@id\":\"https:\/\/hjmnorge.com\/#website\",\"url\":\"https:\/\/hjmnorge.com\/\",\"name\":\"HJM Norge AS\",\"description\":\"V\u00e5r m\u00e5lsetting er \u00e5 v\u00e6re en foretrukket leverand\u00f8r av maskiner og tjenester!\",\"potentialAction\":[{\"@type\":\"SearchAction\",\"target\":{\"@type\":\"EntryPoint\",\"urlTemplate\":\"https:\/\/hjmnorge.com\/?s={search_term_string}\"},\"query-input\":{\"@type\":\"PropertyValueSpecification\",\"valueRequired\":true,\"valueName\":\"search_term_string\"}}],\"inLanguage\":\"en-US\"}]}<\/script>\n<!-- \/ Yoast SEO plugin. -->","yoast_head_json":{"title":"Other - HJM Norge AS","robots":{"index":"index","follow":"follow","max-snippet":"max-snippet:-1","max-image-preview":"max-image-preview:large","max-video-preview":"max-video-preview:-1"},"canonical":"https:\/\/hjmnorge.com\/en\/other\/","og_locale":"en_US","og_type":"article","og_title":"Other - HJM Norge AS","og_description":"Some machine factories we recommend extra attention: J + P in Dresden create highly effective solutions for automatic kartoning \/ loading, etc. Nienstedt is the world leader for the production of sawing systems and shapers. &nbsp; SELO is an outstanding supplier of filling, dosing and packaging technology. Recent growth in their program is microwave technology [&hellip;]","og_url":"https:\/\/hjmnorge.com\/en\/other\/","og_site_name":"HJM Norge AS","article_modified_time":"2014-05-12T09:55:19+00:00","og_image":[{"url":"https:\/\/hjmnorge.com\/wp-content\/uploads\/2012\/01\/logo.jpg","type":"","width":"","height":""}],"twitter_card":"summary_large_image","schema":{"@context":"https:\/\/schema.org","@graph":[{"@type":"WebPage","@id":"https:\/\/hjmnorge.com\/en\/other\/","url":"https:\/\/hjmnorge.com\/en\/other\/","name":"Other - HJM Norge AS","isPartOf":{"@id":"https:\/\/hjmnorge.com\/#website"},"primaryImageOfPage":{"@id":"https:\/\/hjmnorge.com\/en\/other\/#primaryimage"},"image":{"@id":"https:\/\/hjmnorge.com\/en\/other\/#primaryimage"},"thumbnailUrl":"https:\/\/hjmnorge.com\/wp-content\/uploads\/2012\/01\/logo.jpg","datePublished":"2012-01-11T09:19:59+00:00","dateModified":"2014-05-12T09:55:19+00:00","breadcrumb":{"@id":"https:\/\/hjmnorge.com\/en\/other\/#breadcrumb"},"inLanguage":"en-US","potentialAction":[{"@type":"ReadAction","target":["https:\/\/hjmnorge.com\/en\/other\/"]}]},{"@type":"ImageObject","inLanguage":"en-US","@id":"https:\/\/hjmnorge.com\/en\/other\/#primaryimage","url":"https:\/\/hjmnorge.com\/wp-content\/uploads\/2012\/01\/logo.jpg","contentUrl":"https:\/\/hjmnorge.com\/wp-content\/uploads\/2012\/01\/logo.jpg"},{"@type":"BreadcrumbList","@id":"https:\/\/hjmnorge.com\/en\/other\/#breadcrumb","itemListElement":[{"@type":"ListItem","position":1,"name":"Hjem","item":"https:\/\/hjmnorge.com\/"},{"@type":"ListItem","position":2,"name":"Other"}]},{"@type":"WebSite","@id":"https:\/\/hjmnorge.com\/#website","url":"https:\/\/hjmnorge.com\/","name":"HJM Norge AS","description":"V\u00e5r m\u00e5lsetting er \u00e5 v\u00e6re en foretrukket leverand\u00f8r av maskiner og tjenester!","potentialAction":[{"@type":"SearchAction","target":{"@type":"EntryPoint","urlTemplate":"https:\/\/hjmnorge.com\/?s={search_term_string}"},"query-input":{"@type":"PropertyValueSpecification","valueRequired":true,"valueName":"search_term_string"}}],"inLanguage":"en-US"}]}},"_links":{"self":[{"href":"https:\/\/hjmnorge.com\/en\/wp-json\/wp\/v2\/pages\/114","targetHints":{"allow":["GET"]}}],"collection":[{"href":"https:\/\/hjmnorge.com\/en\/wp-json\/wp\/v2\/pages"}],"about":[{"href":"https:\/\/hjmnorge.com\/en\/wp-json\/wp\/v2\/types\/page"}],"author":[{"embeddable":true,"href":"https:\/\/hjmnorge.com\/en\/wp-json\/wp\/v2\/users\/2"}],"replies":[{"embeddable":true,"href":"https:\/\/hjmnorge.com\/en\/wp-json\/wp\/v2\/comments?post=114"}],"version-history":[{"count":0,"href":"https:\/\/hjmnorge.com\/en\/wp-json\/wp\/v2\/pages\/114\/revisions"}],"wp:attachment":[{"href":"https:\/\/hjmnorge.com\/en\/wp-json\/wp\/v2\/media?parent=114"}],"curies":[{"name":"wp","href":"https:\/\/api.w.org\/{rel}","templated":true}]}}